{"id":42,"date":"2018-10-29T18:38:50","date_gmt":"2018-10-29T18:38:50","guid":{"rendered":"http:\/\/www.jacovella.com.ar\/www\/?page_id=42"},"modified":"2018-12-08T20:39:16","modified_gmt":"2018-12-08T20:39:16","slug":"acerca-de","status":"publish","type":"page","link":"http:\/\/www.jacovella.com.ar\/engl\/acerca-de\/","title":{"rendered":"About"},"content":{"rendered":"\t\t<div data-elementor-type=\"wp-post\" data-elementor-id=\"42\" class=\"elementor elementor-42 elementor-bc-flex-widget\">\n\t\t\t\t\t\t<section class=\"elementor-section elementor-top-section elementor-element elementor-element-f105916 elementor-section-boxed elementor-section-height-default elementor-section-height-default\" data-id=\"f105916\" data-element_type=\"section\">\n\t\t\t\t\t\t<div class=\"elementor-container elementor-column-gap-default\">\n\t\t\t\t\t<div class=\"elementor-column elementor-col-66 elementor-top-column elementor-element elementor-element-104a0d4\" data-id=\"104a0d4\" data-element_type=\"column\">\n\t\t\t<div class=\"elementor-widget-wrap elementor-element-populated\">\n\t\t\t\t\t\t<div class=\"elementor-element elementor-element-8813545 elementor-widget elementor-widget-text-editor\" data-id=\"8813545\" data-element_type=\"widget\" data-widget_type=\"text-editor.default\">\n\t\t\t\t<div class=\"elementor-widget-container\">\n\t\t\t\t\t\t\t\t\t<p><strong>M.D. and Ph.D.<\/strong> at the Universidad de Buenos Aries, School of Medicine.<\/p><p>After completing his Residency in General Surgery, Dr. Jacovella was appointed Chief of Residents and Instructor of Surgery.<\/p><p>He attended an Intensive Microsurgery Program at the Franklin Hospital, San Francisco, California, U.S.A. and was trained later in a three years full time University Plastic Surgery Training Program in Argentina, directed by Professor H\u00e9ctor Marino.<\/p><p>After completing a teaching training career at the Universidad de Buenos Aires, he received the degree of Professor of Surgery.<\/p><p>He was appointed Chairman and Chief of the Plastic Surgery Division in 2013 and later \u201cMedical Education and Research Director\u201d, at the Hospital de Cl\u00ednicas \u201cJos\u00e9 de San Mart\u00edn\u201d, Universidad de Buenos Aires, Argentina.<\/p><p>As Director and Professor, Dr. Jacovella participated in several post-graduate congresses and courses. In addition to his medical practice he published ten books and many papers. He received eleven awards as well.<\/p>\t\t\t\t\t\t\t\t<\/div>\n\t\t\t\t<\/div>\n\t\t\t\t\t<\/div>\n\t\t<\/div>\n\t\t\t\t<div class=\"elementor-column elementor-col-33 elementor-top-column elementor-element elementor-element-5791a65\" data-id=\"5791a65\" data-element_type=\"column\">\n\t\t\t<div class=\"elementor-widget-wrap elementor-element-populated\">\n\t\t\t\t\t\t<div class=\"elementor-element elementor-element-0482dcf elementor-widget elementor-widget-image\" data-id=\"0482dcf\" data-element_type=\"widget\" data-widget_type=\"image.default\">\n\t\t\t\t<div class=\"elementor-widget-container\">\n\t\t\t\t\t\t\t\t\t\t\t\t<figure class=\"wp-caption\">\n\t\t\t\t\t\t\t\t\t\t<img fetchpriority=\"high\" decoding=\"async\" width=\"250\" height=\"235\" src=\"http:\/\/www.jacovella.com.ar\/engl\/wp-content\/uploads\/dr-jacovella.jpg\" class=\"attachment-full size-full wp-image-44\" alt=\"\" \/>\t\t\t\t\t\t\t\t\t\t\t<figcaption class=\"widget-image-caption wp-caption-text\">Patricio F. Jacovella M.D. Ph D.<\/figcaption>\n\t\t\t\t\t\t\t\t\t\t<\/figure>\n\t\t\t\t\t\t\t\t\t<\/div>\n\t\t\t\t<\/div>\n\t\t\t\t<div class=\"elementor-element elementor-element-0e8b28d elementor-widget elementor-widget-image\" data-id=\"0e8b28d\" data-element_type=\"widget\" data-widget_type=\"image.default\">\n\t\t\t\t<div class=\"elementor-widget-container\">\n\t\t\t\t\t\t\t\t\t\t\t\t<figure class=\"wp-caption\">\n\t\t\t\t\t\t\t\t\t\t<img decoding=\"async\" width=\"250\" height=\"307\" src=\"http:\/\/www.jacovella.com.ar\/engl\/wp-content\/uploads\/Fellow.jpg\" class=\"attachment-full size-full wp-image-119\" alt=\"\" srcset=\"http:\/\/www.jacovella.com.ar\/engl\/wp-content\/uploads\/Fellow.jpg 250w, http:\/\/www.jacovella.com.ar\/engl\/wp-content\/uploads\/Fellow-244x300.jpg 244w\" sizes=\"(max-width: 250px) 100vw, 250px\" \/>\t\t\t\t\t\t\t\t\t\t\t<figcaption class=\"widget-image-caption wp-caption-text\">Patricio F. Jacovella M.D. F.A.C.S.<br>Fellow American College of Surgeons San Francisco, California, Estados Unidos de Norteam\u00e9rica (1990)<\/figcaption>\n\t\t\t\t\t\t\t\t\t\t<\/figure>\n\t\t\t\t\t\t\t\t\t<\/div>\n\t\t\t\t<\/div>\n\t\t\t\t\t<\/div>\n\t\t<\/div>\n\t\t\t\t\t<\/div>\n\t\t<\/section>\n\t\t\t\t<section class=\"elementor-section elementor-top-section elementor-element elementor-element-2e03cc7 elementor-section-boxed elementor-section-height-default elementor-section-height-default\" data-id=\"2e03cc7\" data-element_type=\"section\">\n\t\t\t\t\t\t<div class=\"elementor-container elementor-column-gap-default\">\n\t\t\t\t\t<div class=\"elementor-column elementor-col-100 elementor-top-column elementor-element elementor-element-550952d\" data-id=\"550952d\" data-element_type=\"column\">\n\t\t\t<div class=\"elementor-widget-wrap elementor-element-populated\">\n\t\t\t\t\t\t<div class=\"elementor-element elementor-element-452cc61 elementor-widget elementor-widget-text-editor\" data-id=\"452cc61\" data-element_type=\"widget\" data-widget_type=\"text-editor.default\">\n\t\t\t\t<div class=\"elementor-widget-container\">\n\t\t\t\t\t\t\t\t\t<h2>Academic Appoinment And Memberships<\/h2><ul><li><p>Certified Specialist in Plastic and Reconstructive Surgery<\/p><\/li><li><p>Certified Specialist in Aesthetic Plastic Surgery<\/p><\/li><li><p>Director Plastic Surgery Training Program. Universidad de Buenos Aires<\/p><\/li><li><p>Professor of Surgery at Universidad de Buenos Aires<\/p><\/li><li><p>Associate Director Hospital de Cl\u00ednicas, Buenos Aires, Argentina<\/p><\/li><li><p><a href=\"https:\/\/www.plasticsurgery.org\/\" target=\"_blank\" rel=\"noopener\"><u>International Member American Society of Plastic Surgeons<\/u><\/a><\/p><\/li><li><p><u><\/u><a href=\"http:\/\/www.facs.org.ar\/\" target=\"_blank\" rel=\"noopener\"><u>Fellow American College of Surgeons\u00a0 <\/u>F.A.C.S.<\/a><\/p><\/li><li><p><a href=\"https:\/\/www.sacper.org.ar\/\" target=\"_blank\" rel=\"noopener\"><u>Active Member\u00a0 Sociedad Argentina de Cirug\u00eda Pl\u00e1stica<\/u><\/a><\/p><\/li><li><p><u><\/u><a href=\"http:\/\/www.scpba.org.ar\/\" target=\"_blank\" rel=\"noopener\"><u>Active Member\u00a0 Sociedad de Cirug\u00eda Pl\u00e1stica de Buenos Aires<\/u><\/a><\/p><\/li><li><p><u><\/u><a href=\"http:\/\/www.aac.org.ar\/\" target=\"_blank\" rel=\"noopener\"><u>Active Member Asociaci\u00f3n Argentina de Cirug\u00eda <\/u><\/a><\/p><\/li><\/ul>\t\t\t\t\t\t\t\t<\/div>\n\t\t\t\t<\/div>\n\t\t\t\t\t<\/div>\n\t\t<\/div>\n\t\t\t\t\t<\/div>\n\t\t<\/section>\n\t\t\t\t<section class=\"elementor-section elementor-top-section elementor-element elementor-element-6e2ad07 elementor-section-boxed elementor-section-height-default elementor-section-height-default\" data-id=\"6e2ad07\" data-element_type=\"section\">\n\t\t\t\t\t\t<div class=\"elementor-container elementor-column-gap-default\">\n\t\t\t\t\t<div class=\"elementor-column elementor-col-20 elementor-top-column elementor-element elementor-element-8515675\" data-id=\"8515675\" data-element_type=\"column\">\n\t\t\t<div class=\"elementor-widget-wrap elementor-element-populated\">\n\t\t\t\t\t\t<div class=\"elementor-element elementor-element-e0ace41 elementor-widget elementor-widget-image\" data-id=\"e0ace41\" data-element_type=\"widget\" data-widget_type=\"image.default\">\n\t\t\t\t<div class=\"elementor-widget-container\">\n\t\t\t\t\t\t\t\t\t\t\t\t<figure class=\"wp-caption\">\n\t\t\t\t\t\t\t\t\t\t\t<a href=\"https:\/\/www.sacper.org.ar\/\" target=\"_blank\" rel=\"nofollow\">\n\t\t\t\t\t\t\t<img decoding=\"async\" width=\"120\" height=\"120\" src=\"http:\/\/www.jacovella.com.ar\/engl\/wp-content\/uploads\/logo-03.png\" class=\"elementor-animation-push attachment-large size-large wp-image-50\" alt=\"\" \/>\t\t\t\t\t\t\t\t<\/a>\n\t\t\t\t\t\t\t\t\t\t\t<figcaption class=\"widget-image-caption wp-caption-text\">Active Member\u00a0 Sociedad Argentina de Cirug\u00eda Pl\u00e1stica<\/figcaption>\n\t\t\t\t\t\t\t\t\t\t<\/figure>\n\t\t\t\t\t\t\t\t\t<\/div>\n\t\t\t\t<\/div>\n\t\t\t\t\t<\/div>\n\t\t<\/div>\n\t\t\t\t<div class=\"elementor-column elementor-col-20 elementor-top-column elementor-element elementor-element-7a09295\" data-id=\"7a09295\" data-element_type=\"column\">\n\t\t\t<div class=\"elementor-widget-wrap elementor-element-populated\">\n\t\t\t\t\t\t<div class=\"elementor-element elementor-element-a66b343 elementor-widget elementor-widget-image\" data-id=\"a66b343\" data-element_type=\"widget\" data-widget_type=\"image.default\">\n\t\t\t\t<div class=\"elementor-widget-container\">\n\t\t\t\t\t\t\t\t\t\t\t\t<figure class=\"wp-caption\">\n\t\t\t\t\t\t\t\t\t\t\t<a href=\"http:\/\/www.scpba.org.ar\/\" target=\"_blank\" rel=\"nofollow\">\n\t\t\t\t\t\t\t<img loading=\"lazy\" decoding=\"async\" width=\"120\" height=\"120\" src=\"http:\/\/www.jacovella.com.ar\/engl\/wp-content\/uploads\/logo-04.png\" class=\"elementor-animation-push attachment-large size-large wp-image-51\" alt=\"\" \/>\t\t\t\t\t\t\t\t<\/a>\n\t\t\t\t\t\t\t\t\t\t\t<figcaption class=\"widget-image-caption wp-caption-text\">Active Member\u00a0 Sociedad de Cirug\u00eda Pl\u00e1stica de Buenos Aires<\/figcaption>\n\t\t\t\t\t\t\t\t\t\t<\/figure>\n\t\t\t\t\t\t\t\t\t<\/div>\n\t\t\t\t<\/div>\n\t\t\t\t\t<\/div>\n\t\t<\/div>\n\t\t\t\t<div class=\"elementor-column elementor-col-20 elementor-top-column elementor-element elementor-element-b02d0db\" data-id=\"b02d0db\" data-element_type=\"column\">\n\t\t\t<div class=\"elementor-widget-wrap elementor-element-populated\">\n\t\t\t\t\t\t<div class=\"elementor-element elementor-element-8e86fad elementor-widget elementor-widget-image\" data-id=\"8e86fad\" data-element_type=\"widget\" data-widget_type=\"image.default\">\n\t\t\t\t<div class=\"elementor-widget-container\">\n\t\t\t\t\t\t\t\t\t\t\t\t<figure class=\"wp-caption\">\n\t\t\t\t\t\t\t\t\t\t\t<a href=\"https:\/\/www.plasticsurgery.org\/\" target=\"_blank\" rel=\"nofollow\">\n\t\t\t\t\t\t\t<img loading=\"lazy\" decoding=\"async\" width=\"120\" height=\"120\" src=\"http:\/\/www.jacovella.com.ar\/engl\/wp-content\/uploads\/logo-02.png\" class=\"elementor-animation-push attachment-large size-large wp-image-49\" alt=\"\" \/>\t\t\t\t\t\t\t\t<\/a>\n\t\t\t\t\t\t\t\t\t\t\t<figcaption class=\"widget-image-caption wp-caption-text\">International Member American Society of Plastic Surgeons<\/figcaption>\n\t\t\t\t\t\t\t\t\t\t<\/figure>\n\t\t\t\t\t\t\t\t\t<\/div>\n\t\t\t\t<\/div>\n\t\t\t\t\t<\/div>\n\t\t<\/div>\n\t\t\t\t<div class=\"elementor-column elementor-col-20 elementor-top-column elementor-element elementor-element-33a342b\" data-id=\"33a342b\" data-element_type=\"column\">\n\t\t\t<div class=\"elementor-widget-wrap elementor-element-populated\">\n\t\t\t\t\t\t<div class=\"elementor-element elementor-element-e8c7e5d elementor-widget elementor-widget-image\" data-id=\"e8c7e5d\" data-element_type=\"widget\" data-widget_type=\"image.default\">\n\t\t\t\t<div class=\"elementor-widget-container\">\n\t\t\t\t\t\t\t\t\t\t\t\t<figure class=\"wp-caption\">\n\t\t\t\t\t\t\t\t\t\t\t<a href=\"http:\/\/www.facs.org.ar\/\" target=\"_blank\" rel=\"nofollow\">\n\t\t\t\t\t\t\t<img loading=\"lazy\" decoding=\"async\" width=\"120\" height=\"120\" src=\"http:\/\/www.jacovella.com.ar\/engl\/wp-content\/uploads\/logo-05.png\" class=\"elementor-animation-push attachment-large size-large wp-image-52\" alt=\"\" \/>\t\t\t\t\t\t\t\t<\/a>\n\t\t\t\t\t\t\t\t\t\t\t<figcaption class=\"widget-image-caption wp-caption-text\">Fellow American College of Surgeons\u00a0 F.A.C.S.<\/figcaption>\n\t\t\t\t\t\t\t\t\t\t<\/figure>\n\t\t\t\t\t\t\t\t\t<\/div>\n\t\t\t\t<\/div>\n\t\t\t\t\t<\/div>\n\t\t<\/div>\n\t\t\t\t<div class=\"elementor-column elementor-col-20 elementor-top-column elementor-element elementor-element-f4fdb08\" data-id=\"f4fdb08\" data-element_type=\"column\">\n\t\t\t<div class=\"elementor-widget-wrap elementor-element-populated\">\n\t\t\t\t\t\t<div class=\"elementor-element elementor-element-af9bf8b elementor-widget elementor-widget-image\" data-id=\"af9bf8b\" data-element_type=\"widget\" data-widget_type=\"image.default\">\n\t\t\t\t<div class=\"elementor-widget-container\">\n\t\t\t\t\t\t\t\t\t\t\t\t<figure class=\"wp-caption\">\n\t\t\t\t\t\t\t\t\t\t\t<a href=\"http:\/\/www.aac.org.ar\/\" target=\"_blank\" rel=\"nofollow\">\n\t\t\t\t\t\t\t<img loading=\"lazy\" decoding=\"async\" width=\"120\" height=\"120\" src=\"http:\/\/www.jacovella.com.ar\/engl\/wp-content\/uploads\/logo-01.png\" class=\"elementor-animation-push attachment-large size-large wp-image-48\" alt=\"\" \/>\t\t\t\t\t\t\t\t<\/a>\n\t\t\t\t\t\t\t\t\t\t\t<figcaption class=\"widget-image-caption wp-caption-text\">Active Member Asociaci\u00f3n Argentina de Cirug\u00eda<\/figcaption>\n\t\t\t\t\t\t\t\t\t\t<\/figure>\n\t\t\t\t\t\t\t\t\t<\/div>\n\t\t\t\t<\/div>\n\t\t\t\t\t<\/div>\n\t\t<\/div>\n\t\t\t\t\t<\/div>\n\t\t<\/section>\n\t\t\t\t<section class=\"elementor-section elementor-top-section elementor-element elementor-element-26bc68e elementor-section-boxed elementor-section-height-default elementor-section-height-default\" data-id=\"26bc68e\" data-element_type=\"section\">\n\t\t\t\t\t\t<div class=\"elementor-container elementor-column-gap-default\">\n\t\t\t\t\t<div class=\"elementor-column elementor-col-100 elementor-top-column elementor-element elementor-element-76f02e9\" data-id=\"76f02e9\" data-element_type=\"column\">\n\t\t\t<div class=\"elementor-widget-wrap elementor-element-populated\">\n\t\t\t\t\t\t<div class=\"elementor-element elementor-element-48ff97a elementor-widget elementor-widget-spacer\" data-id=\"48ff97a\" data-element_type=\"widget\" data-widget_type=\"spacer.default\">\n\t\t\t\t<div class=\"elementor-widget-container\">\n\t\t\t\t\t\t\t<div class=\"elementor-spacer\">\n\t\t\t<div class=\"elementor-spacer-inner\"><\/div>\n\t\t<\/div>\n\t\t\t\t\t\t<\/div>\n\t\t\t\t<\/div>\n\t\t\t\t<div class=\"elementor-element elementor-element-d69ad30 elementor-widget elementor-widget-text-editor\" data-id=\"d69ad30\" data-element_type=\"widget\" data-widget_type=\"text-editor.default\">\n\t\t\t\t<div class=\"elementor-widget-container\">\n\t\t\t\t\t\t\t\t\t<h2>Awards<\/h2><p><strong>\u201cCirujano Mayor Dr. Cosme Argerich\u201d<\/strong><\/p><ul><li>\u00a0Tittle: <strong>Reemplazo experimental del ur\u00e9ter por vena aut\u00f3loga\u201d. <\/strong><\/li><li>Jacovella PF,\u00a0 Longo CA.<\/li><li>Departamento de Docencia e Investigaci\u00f3n Hospital Argerich.\u00a0<\/li><li>Buenos Aires, Argentina. 1980.\u00a0<\/li><\/ul><p><strong>\u201cSociedad Uruguaya de Cirug\u00eda Pl\u00e1stica\u201d<\/strong><\/p><ul><li>Tittle: <strong>\u00abPatolog\u00eda quir\u00fargica de regi\u00f3n nasal\u201d. <\/strong><\/li><li>Jacovella PF, Marchioni E.<\/li><li>Congreso de Cirug\u00eda Pl\u00e1stica. Punta del Este, Uruguay. 1987.\u00a0\u00a0<\/li><\/ul><p><strong>\u201cMartin Grandi\u201d<\/strong><\/p><ul><li>Tittle: <strong>\u201cC\u00f3mo evaluar por objetivos\u201d<\/strong>.<\/li><li>Jacovella PF, Battafarano MN.<\/li><li>Asociaci\u00f3n Rioplatense de Anatom\u00eda. Argentina. 1987.\u00a0<\/li><\/ul><p><strong>\u201cSociedad Argentina de Ciencias Morfol\u00f3gicas\u201d<\/strong>.<\/p><ul><li>Tittle: <strong>\u201cRegionalizaci\u00f3n anatomofuncional de la nariz. Clasificaci\u00f3n original\u201d.<\/strong><\/li><li>Jacovella PF, Marchioni EE, Sturla FM.<\/li><li>Sociedad Argentina de Ciencias Morfol\u00f3gicas. C\u00f3rdoba, Argentina, 1988.<\/li><\/ul><p><strong>\u201cAndr\u00e9s Santas Medical Education Award\u201d<\/strong><\/p><ul><li>Tittle: <strong>\u201cEl m\u00f3dulo pedag\u00f3gico en la cirug\u00eda de pregrado\u201d.<\/strong><\/li><li>Jacovella PF, Berra JL.<\/li><li>Asociaci\u00f3n Argentina de Cirug\u00eda, 1989.<\/li><\/ul><p><strong>\u201cBenjamin Ceriani\u201d.<\/strong><\/p><ul><li>Tittle:\u00a0 <strong>\u201cPleuroscop\u00eda diagn\u00f3stico-terap\u00e9utica: t\u00e9cnica, indicaciones, resultados\u201d.<\/strong><\/li><li>Leone, RR, Jacovella PF, Vicario GF et al.<\/li><li>Sociedad Argentina de Cirug\u00eda Tor\u00e1cica y Cardiovascular. 1989.<\/li><\/ul><p><strong>\u201cAcad\u00e9mico Ra\u00fal Nicolini 1989\u201d<\/strong>.\u00a0<\/p><ul><li>Tittle: <strong>\u201cDerrame pleural neopl\u00e1sico: metodolog\u00eda diagn\u00f3stica y maniobra de pleurodesis con hidr\u00f3xido de sodio\u201d. <\/strong><\/li><li>Leone RR, Jacovella PF, Vicario GF, Pisoni M.<\/li><li>Academia Argentina de Cirug\u00eda. 1990.<\/li><\/ul><p><strong>\u201cCongreso Argentino de Cirug\u00eda Pl\u00e1stica\u201d<\/strong>.<\/p><ul><li>Tittle: <strong>\u00abAlgoritmo en el tratamiento de siliconomas mamarios\u00bb.<\/strong><\/li><li>Zimman OA, Pol CH, Jacovella PF, Schenone GE, Stengele P.<\/li><li>XXXIII Congreso Argentino de Cirug\u00eda Pl\u00e1stica.<\/li><li>Buenos Aires. 2003.<\/li><\/ul><p><strong>\u00abJos\u00e9 Belbey\u00bb<\/strong> (legal medicine award).<\/p><ul><li>Tittle: <strong>\u00abAspectos medicolegales de la cirug\u00eda pl\u00e1stica\u00bb.<\/strong><\/li><li>Jacovella PF.<\/li><li>Asociaci\u00f3n M\u00e9dica Argentina.<\/li><li>Buenos Aires. 2003.<\/li><\/ul><p>\u00a0<strong>\u201cAsociaci\u00f3n Argentina de Cirug\u00eda\u201d<\/strong>.<\/p><ul><li>Tittle: <strong>\u201cEl art\u00edculo cient\u00edfico, del papiro al formato electr\u00f3nico\u201d<\/strong>. (Published book) \u00a0<\/li><li>Arribalzaga EB, Borracci R, Giuliano A, Jacovella PF.\u00a0<\/li><li>Buenos Aires. 2006.<\/li><\/ul><p><strong>\u201cMedalla de oro\u201d. <\/strong><\/p><ul><li>Tittle: Evaluaci\u00f3n de competencias en residentes de cirug\u00eda pl\u00e1stica.<\/li><li>Asociaci\u00f3n M\u00e9dica Hospital de cl\u00ednicas.<\/li><li>Buenos Aires. 2011.<\/li><\/ul>\t\t\t\t\t\t\t\t<\/div>\n\t\t\t\t<\/div>\n\t\t\t\t\t<\/div>\n\t\t<\/div>\n\t\t\t\t\t<\/div>\n\t\t<\/section>\n\t\t\t\t<section class=\"elementor-section elementor-top-section elementor-element elementor-element-fe58634 elementor-section-boxed elementor-section-height-default elementor-section-height-default\" data-id=\"fe58634\" data-element_type=\"section\">\n\t\t\t\t\t\t<div class=\"elementor-container elementor-column-gap-default\">\n\t\t\t\t\t<div class=\"elementor-column elementor-col-100 elementor-top-column elementor-element elementor-element-3531369\" data-id=\"3531369\" data-element_type=\"column\">\n\t\t\t<div class=\"elementor-widget-wrap elementor-element-populated\">\n\t\t\t\t\t\t<div class=\"elementor-element elementor-element-201a13d elementor-widget elementor-widget-spacer\" data-id=\"201a13d\" data-element_type=\"widget\" data-widget_type=\"spacer.default\">\n\t\t\t\t<div class=\"elementor-widget-container\">\n\t\t\t\t\t\t\t<div class=\"elementor-spacer\">\n\t\t\t<div class=\"elementor-spacer-inner\"><\/div>\n\t\t<\/div>\n\t\t\t\t\t\t<\/div>\n\t\t\t\t<\/div>\n\t\t\t\t\t<\/div>\n\t\t<\/div>\n\t\t\t\t\t<\/div>\n\t\t<\/section>\n\t\t\t\t<\/div>\n\t\t","protected":false},"excerpt":{"rendered":"<p>M.D. and Ph.D. at the Universidad de Buenos Aries, School of Medicine. After completing his Residency in General Surgery, Dr. Jacovella was appointed Chief of Residents and Instructor of Surgery. He attended an Intensive Microsurgery Program at the Franklin Hospital, San Francisco, California, U.S.A. and was trained later in a three years full time University [&hellip;]<\/p>\n","protected":false},"author":1,"featured_media":0,"parent":0,"menu_order":0,"comment_status":"closed","ping_status":"closed","template":"","meta":{"ocean_post_layout":"","ocean_both_sidebars_style":"","ocean_both_sidebars_content_width":0,"ocean_both_sidebars_sidebars_width":0,"ocean_sidebar":"0","ocean_second_sidebar":"0","ocean_disable_margins":"enable","ocean_add_body_class":"","ocean_shortcode_before_top_bar":"","ocean_shortcode_after_top_bar":"","ocean_shortcode_before_header":"","ocean_shortcode_after_header":"","ocean_has_shortcode":"","ocean_shortcode_after_title":"","ocean_shortcode_before_footer_widgets":"","ocean_shortcode_after_footer_widgets":"","ocean_shortcode_before_footer_bottom":"","ocean_shortcode_after_footer_bottom":"","ocean_display_top_bar":"default","ocean_display_header":"default","ocean_header_style":"","ocean_center_header_left_menu":"","ocean_custom_header_template":"","ocean_custom_logo":0,"ocean_custom_retina_logo":0,"ocean_custom_logo_max_width":0,"ocean_custom_logo_tablet_max_width":0,"ocean_custom_logo_mobile_max_width":0,"ocean_custom_logo_max_height":0,"ocean_custom_logo_tablet_max_height":0,"ocean_custom_logo_mobile_max_height":0,"ocean_header_custom_menu":"0","ocean_menu_typo_font_family":"","ocean_menu_typo_font_subset":"","ocean_menu_typo_font_size":0,"ocean_menu_typo_font_size_tablet":0,"ocean_menu_typo_font_size_mobile":0,"ocean_menu_typo_font_size_unit":"px","ocean_menu_typo_font_weight":"","ocean_menu_typo_font_weight_tablet":"","ocean_menu_typo_font_weight_mobile":"","ocean_menu_typo_transform":"","ocean_menu_typo_transform_tablet":"","ocean_menu_typo_transform_mobile":"","ocean_menu_typo_line_height":0,"ocean_menu_typo_line_height_tablet":0,"ocean_menu_typo_line_height_mobile":0,"ocean_menu_typo_line_height_unit":"","ocean_menu_typo_spacing":0,"ocean_menu_typo_spacing_tablet":0,"ocean_menu_typo_spacing_mobile":0,"ocean_menu_typo_spacing_unit":"","ocean_menu_link_color":"","ocean_menu_link_color_hover":"","ocean_menu_link_color_active":"","ocean_menu_link_background":"","ocean_menu_link_hover_background":"","ocean_menu_link_active_background":"","ocean_menu_social_links_bg":"","ocean_menu_social_hover_links_bg":"","ocean_menu_social_links_color":"","ocean_menu_social_hover_links_color":"","ocean_disable_title":"default","ocean_disable_heading":"default","ocean_post_title":"","ocean_post_subheading":"","ocean_post_title_style":"","ocean_post_title_background_color":"","ocean_post_title_background":0,"ocean_post_title_bg_image_position":"","ocean_post_title_bg_image_attachment":"","ocean_post_title_bg_image_repeat":"","ocean_post_title_bg_image_size":"","ocean_post_title_height":0,"ocean_post_title_bg_overlay":0.5,"ocean_post_title_bg_overlay_color":"","ocean_disable_breadcrumbs":"default","ocean_breadcrumbs_color":"","ocean_breadcrumbs_separator_color":"","ocean_breadcrumbs_links_color":"","ocean_breadcrumbs_links_hover_color":"","ocean_display_footer_widgets":"default","ocean_display_footer_bottom":"default","ocean_custom_footer_template":"","footnotes":""},"class_list":["post-42","page","type-page","status-publish","hentry","entry"],"_links":{"self":[{"href":"http:\/\/www.jacovella.com.ar\/engl\/wp-json\/wp\/v2\/pages\/42","targetHints":{"allow":["GET"]}}],"collection":[{"href":"http:\/\/www.jacovella.com.ar\/engl\/wp-json\/wp\/v2\/pages"}],"about":[{"href":"http:\/\/www.jacovella.com.ar\/engl\/wp-json\/wp\/v2\/types\/page"}],"author":[{"embeddable":true,"href":"http:\/\/www.jacovella.com.ar\/engl\/wp-json\/wp\/v2\/users\/1"}],"replies":[{"embeddable":true,"href":"http:\/\/www.jacovella.com.ar\/engl\/wp-json\/wp\/v2\/comments?post=42"}],"version-history":[{"count":28,"href":"http:\/\/www.jacovella.com.ar\/engl\/wp-json\/wp\/v2\/pages\/42\/revisions"}],"predecessor-version":[{"id":429,"href":"http:\/\/www.jacovella.com.ar\/engl\/wp-json\/wp\/v2\/pages\/42\/revisions\/429"}],"wp:attachment":[{"href":"http:\/\/www.jacovella.com.ar\/engl\/wp-json\/wp\/v2\/media?parent=42"}],"curies":[{"name":"wp","href":"https:\/\/api.w.org\/{rel}","templated":true}]}}